{"id":15827,"date":"2017-12-08T14:13:00","date_gmt":"2017-12-08T12:13:00","guid":{"rendered":"https:\/\/www.vipmedicum.ee\/ru\/?page_id=15827"},"modified":"2025-02-21T13:49:30","modified_gmt":"2025-02-21T11:49:30","slug":"modena-maksa-kuni-3-osas","status":"publish","type":"page","link":"https:\/\/www.vipmedicum.ee\/ru\/cena\/modena-maksa-kuni-3-osas\/","title":{"rendered":"\u0420\u0430\u0441\u0441\u0440\u043e\u0447\u043a\u0430 MODENA"},"content":{"rendered":"<p>[et_pb_section fb_built=&#187;1&#8243; _builder_version=&#187;4.14.2&#8243; _module_preset=&#187;default&#187; custom_padding=&#187;0px||||false|false&#187; global_colors_info=&#187;{}&#187;][et_pb_row _builder_version=&#187;4.14.2&#8243; _module_preset=&#187;default&#187; global_colors_info=&#187;{}&#187;][et_pb_column type=&#187;4_4&#8243; _builder_version=&#187;4.14.2&#8243; _module_preset=&#187;default&#187; global_colors_info=&#187;{}&#187;][et_pb_text _builder_version=&#187;4.14.2&#8243; _module_preset=&#187;default&#187; global_colors_info=&#187;{}&#187;]Modena on sinu igap\u00e4evasteks ostudeks loodud kaasaegne makseviis, mis v\u00f5imaldab ostude eest tasuda kuni 3 osas ning annab lubaduse, et teenus on Sinu jaoks tasuta \u2013 0% intress, 0\u20ac lisatasu.[\/et_pb_text][et_pb_image src=&#187;https:\/\/www.vipmedicum.ee\/ru\/wp-content\/uploads\/2021\/12\/modena.png&#187; title_text=&#187;modena&#187; _builder_version=&#187;4.14.2&#8243; _module_preset=&#187;default&#187; global_colors_info=&#187;{}&#187;][\/et_pb_image][et_pb_text _builder_version=&#187;4.14.2&#8243; _module_preset=&#187;default&#187; global_colors_info=&#187;{}&#187;]<\/p>\n<h3>KUIDAS MODENAT KASUTADA?<\/h3>\n<p>1. Lisa ostukorvi meelep\u00e4rased tooted<br \/>\n2. Vali makseviisiks Modena<br \/>\n3. Tuvasta ennast Smart-ID v\u00f5i Mobiil-ID-ga<br \/>\n4. Vali mitme osamaksega soovid tasuda (v\u00f5imalik kuni 3 osamakset 3 kuu jooksul)<br \/>\n5. Kinnita ja Sinu ost on sooritatud v\u00e4hem kui minutiga Ostudokumendid ja muu vajalik info saadetakse sulle e-mailile ja SMS-iga mobiilile ning on ka k\u00e4ttesaadavad Modena iseteeninduses https:\/\/portal.modena.ee[\/et_pb_text][et_pb_text _builder_version=&#187;4.14.2&#8243; _module_preset=&#187;default&#187; global_colors_info=&#187;{}&#187;]<\/p>\n<h3>KORDUMA KIPPUVAD K\u00dcSIMUSED<\/h3>\n<p><strong>KUI KAUA V\u00d5TAB AEGA MODENAGA MAKSMINE?<\/strong><br \/>Tuvastamisest kuni ostu sooritamiseni v\u00f5tab keskmiselt 50 sekundit aega.<\/p>\n<p><strong>MILLISEID ANDMEID ON VAJA MODENA MAKSELAHENDUSES SISESTADA?<\/strong><br \/>Tuleb sisestada isikukood ja telefoninumber, tuvastada end Mobiil ID v\u00f5i Smart-ID PIN1 abil ning l\u00f5petuseks kinnitada ost PIN2 parooliga.<\/p>\n<p><strong>KAS V\u00d5IN MAKSTA KA KOHE SUMMA \u00c4RA? KUIDAS JAOTADA SUMMAT MITMEKS OSAKS?<\/strong><br \/>Selle saad ise ostu sooritades m\u00e4\u00e4rata, mitmes osas ja kui pika aja peale soovid enda makset ajatada. Maksimum arv osamakseid on 3 ning kuni maksimum aeg 90 p\u00e4eva.<\/p>\n<p><strong>KAS ON V\u00d5IMALIK KA VAREM ETTE \u00c4RA MAKSTA, KUI TEKIB SELLEKS SOOV?<\/strong><br \/>Jah, maksed saad teha vastavalt enda soovile.<\/p>\n<p><strong>KUST MA TEAN MILLAL JA KUHU MAKSTA?<\/strong><br \/>Maksed tuleb teha Modena Estonia O\u00dc pangakontole. K\u00f5ik dokumendid ostu ning maksmise kohta saadetakse sulle emailile ning SMS-iga mobiilile. Lisaks on v\u00f5imalus n\u00e4ha enda arvete ning ostude detailset \u00fclevaadet Modena iseteeninduses https:\/\/portal.modena.ee<\/p>\n<p><strong>MIS VAHE ON J\u00c4RELMAKSUL JA MODENA \u201cMAKSA KUNI 3 OSAS\u201d?<\/strong><br \/>Modena v\u00f5imaldab maksta kuni kolmes osas toodete eest ilma j\u00e4relmaksulepingut tegemata ning seda k\u00f5ike intressi ja teenustasudeta. Samuti ei pea klient t\u00e4itma pikki andmev\u00e4lju ning avaldama oma isiklikke finantsandmeid. J\u00e4relmaksu puhul on vaja \u00fcldiselt t\u00e4ita \u00fcle k\u00fcmne rea andmev\u00e4lju (sissetulekud, olemasolevad laenukohustused, elukohad jne) ning loomulikult lisandub ka intress ning muud teenustasud.<\/p>\n<p>[\/et_pb_text][\/et_pb_column][\/et_pb_row][\/et_pb_section]<\/p>\n","protected":false},"excerpt":{"rendered":"<p>Modena on sinu igap\u00e4evasteks ostudeks loodud kaasaegne makseviis, mis v\u00f5imaldab ostude eest tasuda kuni 3 osas ning annab lubaduse, et teenus on Sinu jaoks tasuta \u2013 0% intress, 0\u20ac lisatasu.KUIDAS MODENAT KASUTADA? 1. Lisa ostukorvi meelep\u00e4rased tooted 2. Vali makseviisiks Modena 3. Tuvasta ennast Smart-ID v\u00f5i Mobiil-ID-ga 4. Vali mitme osamaksega soovid tasuda (v\u00f5imalik kuni [&hellip;]<\/p>\n","protected":false},"author":4,"featured_media":0,"parent":10,"menu_order":301,"comment_status":"closed","ping_status":"closed","template":"","meta":{"_et_pb_use_builder":"on","_et_pb_old_content":"","_et_gb_content_width":"","footnotes":""},"class_list":["post-15827","page","type-page","status-publish","hentry"],"_links":{"self":[{"href":"https:\/\/www.vipmedicum.ee\/ru\/wp-json\/wp\/v2\/pages\/15827","targetHints":{"allow":["GET"]}}],"collection":[{"href":"https:\/\/www.vipmedicum.ee\/ru\/wp-json\/wp\/v2\/pages"}],"about":[{"href":"https:\/\/www.vipmedicum.ee\/ru\/wp-json\/wp\/v2\/types\/page"}],"author":[{"embeddable":true,"href":"https:\/\/www.vipmedicum.ee\/ru\/wp-json\/wp\/v2\/users\/4"}],"replies":[{"embeddable":true,"href":"https:\/\/www.vipmedicum.ee\/ru\/wp-json\/wp\/v2\/comments?post=15827"}],"version-history":[{"count":0,"href":"https:\/\/www.vipmedicum.ee\/ru\/wp-json\/wp\/v2\/pages\/15827\/revisions"}],"up":[{"embeddable":true,"href":"https:\/\/www.vipmedicum.ee\/ru\/wp-json\/wp\/v2\/pages\/10"}],"wp:attachment":[{"href":"https:\/\/www.vipmedicum.ee\/ru\/wp-json\/wp\/v2\/media?parent=15827"}],"curies":[{"name":"wp","href":"https:\/\/api.w.org\/{rel}","templated":true}]}}